{"id":4338,"date":"2025-02-17T12:07:22","date_gmt":"2025-02-17T12:07:22","guid":{"rendered":"https:\/\/course.annafranques.com\/com-participar\/"},"modified":"2025-07-15T09:13:06","modified_gmt":"2025-07-15T09:13:06","slug":"com-participar","status":"publish","type":"page","link":"https:\/\/course.annafranques.com\/ca\/com-participar\/","title":{"rendered":"Com Participar"},"content":{"rendered":"\t\t<div data-elementor-type=\"wp-page\" data-elementor-id=\"4338\" class=\"elementor elementor-4338 elementor-3940\" data-elementor-post-type=\"page\">\n\t\t\t\t<div class=\"elementor-element elementor-element-4e4568a e-con-full e-flex e-con e-parent\" data-id=\"4e4568a\" data-element_type=\"container\">\n\t\t\t\t<div class=\"elementor-element elementor-element-691b191 elementor-widget__width-initial elementor-widget elementor-widget-heading\" data-id=\"691b191\" data-element_type=\"widget\" data-widget_type=\"heading.default\">\n\t\t\t\t<div class=\"elementor-widget-container\">\n\t\t\t\t\t<h2 class=\"elementor-heading-title elementor-size-default\">Moltes gr\u00e0cies pel teu inter\u00e8s en participar en els esdevenients d'All Those!<\/h2>\t\t\t\t<\/div>\n\t\t\t\t<\/div>\n\t\t\t\t<div class=\"elementor-element elementor-element-0b9cd45 elementor-widget__width-initial elementor-widget elementor-widget-heading\" data-id=\"0b9cd45\" data-element_type=\"widget\" data-widget_type=\"heading.default\">\n\t\t\t\t<div class=\"elementor-widget-container\">\n\t\t\t\t\t<h2 class=\"elementor-heading-title elementor-size-default\">Per poder valorar la teva sol\u00b7licitud, et demanem que, si us plau, compleixis les dades que sol\u00b7licitem a continuaci\u00f3 sobre el teu projecte. Un cop rebudes, les revisarem, t'inclourem a la nostra base de dades i et tindrem en compte per a la convocat\u00f2ria de la seg\u00fcent edici\u00f3.  \n<br><br><b> \n\nMoltes gr\u00e0cies i esperem veure't aviat a All Those!<b><\/h2>\t\t\t\t<\/div>\n\t\t\t\t<\/div>\n\t\t\t\t<\/div>\n\t\t<div class=\"elementor-element elementor-element-2d89b82 e-con-full e-flex e-con e-parent\" data-id=\"2d89b82\" data-element_type=\"container\">\n\t\t\t\t<div class=\"elementor-element elementor-element-78d3165 elementor-widget__width-initial elementor-button-align-stretch elementor-widget elementor-widget-form\" data-id=\"78d3165\" data-element_type=\"widget\" data-settings=\"{&quot;step_next_label&quot;:&quot;Seg\\u00fcent&quot;,&quot;step_previous_label&quot;:&quot;Anterior&quot;,&quot;button_width&quot;:&quot;100&quot;,&quot;step_type&quot;:&quot;number_text&quot;,&quot;step_icon_shape&quot;:&quot;circle&quot;}\" data-widget_type=\"form.default\">\n\t\t\t\t<div class=\"elementor-widget-container\">\n\t\t\t\t\t\t\t<form class=\"elementor-form\" method=\"post\" name=\"Nou formulari\">\n\t\t\t<input type=\"hidden\" name=\"post_id\" value=\"4338\"\/>\n\t\t\t<input type=\"hidden\" name=\"form_id\" value=\"78d3165\"\/>\n\t\t\t<input type=\"hidden\" name=\"referer_title\" value=\"All Those Market\" \/>\n\n\t\t\t\n\t\t\t<div class=\"elementor-form-fields-wrapper elementor-labels-\">\n\t\t\t\t\t\t\t\t<div class=\"elementor-field-type-step elementor-field-group elementor-column elementor-field-group-field_fc24a86 elementor-col-100\">\n\t\t\t\t\t\t\t<div class=\"e-field-step elementor-hidden\" data-label=\"\" data-previousButton=\"\" data-nextButton=\"\" data-iconUrl=\"\" data-iconLibrary=\"fas fa-star\" data-icon=\"&lt;svg class=&quot;e-font-icon-svg e-fas-star&quot; viewBox=&quot;0 0 576 512&quot; xmlns=&quot;http:\/\/www.w3.org\/2000\/svg&quot;&gt;&lt;path d=&quot;M259.3 17.8L194 150.2 47.9 171.5c-26.2 3.8-36.7 36.1-17.7 54.6l105.7 103-25 145.5c-4.5 26.3 23.2 46 46.4 33.7L288 439.6l130.7 68.7c23.2 12.2 50.9-7.4 46.4-33.7l-25-145.5 105.7-103c19-18.5 8.5-50.8-17.7-54.6L382 150.2 316.7 17.8c-11.7-23.6-45.6-23.9-57.4 0z&quot;&gt;&lt;\/path&gt;&lt;\/svg&gt;\" ><\/div>\n\n\t\t\t\t\t\t<\/div>\n\t\t\t\t\t\t\t\t<div class=\"elementor-field-type-text elementor-field-group elementor-column elementor-field-group-name elementor-col-100 elementor-field-required\">\n\t\t\t\t\t\t\t\t\t\t\t\t<label for=\"form-field-name\" class=\"elementor-field-label elementor-screen-only\">\n\t\t\t\t\t\t\t\tNom del Projecte\t\t\t\t\t\t\t<\/label>\n\t\t\t\t\t\t\t\t\t\t\t\t\t\t<input size=\"1\" type=\"text\" name=\"form_fields[name]\" id=\"form-field-name\" class=\"elementor-field elementor-size-sm  elementor-field-textual\" placeholder=\"Nom del Projecte\" required=\"required\" aria-required=\"true\">\n\t\t\t\t\t\t\t\t\t\t\t<\/div>\n\t\t\t\t\t\t\t\t<div class=\"elementor-field-type-text elementor-field-group elementor-column elementor-field-group-email elementor-col-100\">\n\t\t\t\t\t\t\t\t\t\t\t\t<label for=\"form-field-email\" class=\"elementor-field-label elementor-screen-only\">\n\t\t\t\t\t\t\t\tBreu Descripci\u00f3 del Projecte\t\t\t\t\t\t\t<\/label>\n\t\t\t\t\t\t\t\t\t\t\t\t\t\t<input size=\"1\" type=\"text\" name=\"form_fields[email]\" id=\"form-field-email\" class=\"elementor-field elementor-size-sm  elementor-field-textual\" placeholder=\"Breu Descripci\u00f3 del Projecte\">\n\t\t\t\t\t\t\t\t\t\t\t<\/div>\n\t\t\t\t\t\t\t\t<div class=\"elementor-field-type-text elementor-field-group elementor-column elementor-field-group-message elementor-col-100\">\n\t\t\t\t\t\t\t\t\t\t\t\t<label for=\"form-field-message\" class=\"elementor-field-label elementor-screen-only\">\n\t\t\t\t\t\t\t\tCategoria\t\t\t\t\t\t\t<\/label>\n\t\t\t\t\t\t\t\t\t\t\t\t\t\t<input size=\"1\" type=\"text\" name=\"form_fields[message]\" id=\"form-field-message\" class=\"elementor-field elementor-size-sm  elementor-field-textual\" placeholder=\"Categoria\">\n\t\t\t\t\t\t\t\t\t\t\t<\/div>\n\t\t\t\t\t\t\t\t<div class=\"elementor-field-type-step elementor-field-group elementor-column elementor-field-group-field_1a87e35 elementor-col-100\">\n\t\t\t\t\t\t\t<div class=\"e-field-step elementor-hidden\" data-label=\"\" data-previousButton=\"\" data-nextButton=\"\" data-iconUrl=\"\" data-iconLibrary=\"fas fa-star\" data-icon=\"&lt;svg class=&quot;e-font-icon-svg e-fas-star&quot; viewBox=&quot;0 0 576 512&quot; xmlns=&quot;http:\/\/www.w3.org\/2000\/svg&quot;&gt;&lt;path d=&quot;M259.3 17.8L194 150.2 47.9 171.5c-26.2 3.8-36.7 36.1-17.7 54.6l105.7 103-25 145.5c-4.5 26.3 23.2 46 46.4 33.7L288 439.6l130.7 68.7c23.2 12.2 50.9-7.4 46.4-33.7l-25-145.5 105.7-103c19-18.5 8.5-50.8-17.7-54.6L382 150.2 316.7 17.8c-11.7-23.6-45.6-23.9-57.4 0z&quot;&gt;&lt;\/path&gt;&lt;\/svg&gt;\" ><\/div>\n\n\t\t\t\t\t\t<\/div>\n\t\t\t\t\t\t\t\t<div class=\"elementor-field-type-text elementor-field-group elementor-column elementor-field-group-field_cbb4c73 elementor-col-100\">\n\t\t\t\t\t\t\t\t\t\t\t\t<label for=\"form-field-field_cbb4c73\" class=\"elementor-field-label elementor-screen-only\">\n\t\t\t\t\t\t\t\tNom Fiscal\t\t\t\t\t\t\t<\/label>\n\t\t\t\t\t\t\t\t\t\t\t\t\t\t<input size=\"1\" type=\"text\" name=\"form_fields[field_cbb4c73]\" id=\"form-field-field_cbb4c73\" class=\"elementor-field elementor-size-sm  elementor-field-textual\" placeholder=\"Nom Fiscal\">\n\t\t\t\t\t\t\t\t\t\t\t<\/div>\n\t\t\t\t\t\t\t\t<div class=\"elementor-field-type-text elementor-field-group elementor-column elementor-field-group-field_96ecb2e elementor-col-100\">\n\t\t\t\t\t\t\t\t\t\t\t\t<label for=\"form-field-field_96ecb2e\" class=\"elementor-field-label elementor-screen-only\">\n\t\t\t\t\t\t\t\tNIF\t\t\t\t\t\t\t<\/label>\n\t\t\t\t\t\t\t\t\t\t\t\t\t\t<input size=\"1\" type=\"text\" name=\"form_fields[field_96ecb2e]\" id=\"form-field-field_96ecb2e\" class=\"elementor-field elementor-size-sm  elementor-field-textual\" placeholder=\"NIF\">\n\t\t\t\t\t\t\t\t\t\t\t<\/div>\n\t\t\t\t\t\t\t\t<div class=\"elementor-field-type-text elementor-field-group elementor-column elementor-field-group-field_a64c1e6 elementor-col-100\">\n\t\t\t\t\t\t\t\t\t\t\t\t<label for=\"form-field-field_a64c1e6\" class=\"elementor-field-label elementor-screen-only\">\n\t\t\t\t\t\t\t\tAdre\u00e7a\t\t\t\t\t\t\t<\/label>\n\t\t\t\t\t\t\t\t\t\t\t\t\t\t<input size=\"1\" type=\"text\" name=\"form_fields[field_a64c1e6]\" id=\"form-field-field_a64c1e6\" class=\"elementor-field elementor-size-sm  elementor-field-textual\" placeholder=\"Adre\u00e7a\">\n\t\t\t\t\t\t\t\t\t\t\t<\/div>\n\t\t\t\t\t\t\t\t<div class=\"elementor-field-type-text elementor-field-group elementor-column elementor-field-group-field_847a336 elementor-col-100\">\n\t\t\t\t\t\t\t\t\t\t\t\t<label for=\"form-field-field_847a336\" class=\"elementor-field-label elementor-screen-only\">\n\t\t\t\t\t\t\t\tCodi Postal\t\t\t\t\t\t\t<\/label>\n\t\t\t\t\t\t\t\t\t\t\t\t\t\t<input size=\"1\" type=\"text\" name=\"form_fields[field_847a336]\" id=\"form-field-field_847a336\" class=\"elementor-field elementor-size-sm  elementor-field-textual\" placeholder=\"Codi Postal\">\n\t\t\t\t\t\t\t\t\t\t\t<\/div>\n\t\t\t\t\t\t\t\t<div class=\"elementor-field-type-text elementor-field-group elementor-column elementor-field-group-field_8048ac4 elementor-col-100\">\n\t\t\t\t\t\t\t\t\t\t\t\t<label for=\"form-field-field_8048ac4\" class=\"elementor-field-label elementor-screen-only\">\n\t\t\t\t\t\t\t\tCiutat\t\t\t\t\t\t\t<\/label>\n\t\t\t\t\t\t\t\t\t\t\t\t\t\t<input size=\"1\" type=\"text\" name=\"form_fields[field_8048ac4]\" id=\"form-field-field_8048ac4\" class=\"elementor-field elementor-size-sm  elementor-field-textual\" placeholder=\"Ciutat\">\n\t\t\t\t\t\t\t\t\t\t\t<\/div>\n\t\t\t\t\t\t\t\t<div class=\"elementor-field-type-text elementor-field-group elementor-column elementor-field-group-field_4fd6f1f elementor-col-100\">\n\t\t\t\t\t\t\t\t\t\t\t\t<label for=\"form-field-field_4fd6f1f\" class=\"elementor-field-label elementor-screen-only\">\n\t\t\t\t\t\t\t\tProv\u00edncia\t\t\t\t\t\t\t<\/label>\n\t\t\t\t\t\t\t\t\t\t\t\t\t\t<input size=\"1\" type=\"text\" name=\"form_fields[field_4fd6f1f]\" id=\"form-field-field_4fd6f1f\" class=\"elementor-field elementor-size-sm  elementor-field-textual\" placeholder=\"Prov\u00edncia\">\n\t\t\t\t\t\t\t\t\t\t\t<\/div>\n\t\t\t\t\t\t\t\t<div class=\"elementor-field-type-text elementor-field-group elementor-column elementor-field-group-field_a778093 elementor-col-100\">\n\t\t\t\t\t\t\t\t\t\t\t\t<label for=\"form-field-field_a778093\" class=\"elementor-field-label elementor-screen-only\">\n\t\t\t\t\t\t\t\tPa\u00eds\t\t\t\t\t\t\t<\/label>\n\t\t\t\t\t\t\t\t\t\t\t\t\t\t<input size=\"1\" type=\"text\" name=\"form_fields[field_a778093]\" id=\"form-field-field_a778093\" class=\"elementor-field elementor-size-sm  elementor-field-textual\" placeholder=\"Pa\u00eds\">\n\t\t\t\t\t\t\t\t\t\t\t<\/div>\n\t\t\t\t\t\t\t\t<div class=\"elementor-field-type-step elementor-field-group elementor-column elementor-field-group-field_d256e97 elementor-col-100\">\n\t\t\t\t\t\t\t<div class=\"e-field-step elementor-hidden\" data-label=\"\" data-previousButton=\"\" data-nextButton=\"\" data-iconUrl=\"\" data-iconLibrary=\"fas fa-star\" data-icon=\"&lt;svg class=&quot;e-font-icon-svg e-fas-star&quot; viewBox=&quot;0 0 576 512&quot; xmlns=&quot;http:\/\/www.w3.org\/2000\/svg&quot;&gt;&lt;path d=&quot;M259.3 17.8L194 150.2 47.9 171.5c-26.2 3.8-36.7 36.1-17.7 54.6l105.7 103-25 145.5c-4.5 26.3 23.2 46 46.4 33.7L288 439.6l130.7 68.7c23.2 12.2 50.9-7.4 46.4-33.7l-25-145.5 105.7-103c19-18.5 8.5-50.8-17.7-54.6L382 150.2 316.7 17.8c-11.7-23.6-45.6-23.9-57.4 0z&quot;&gt;&lt;\/path&gt;&lt;\/svg&gt;\" ><\/div>\n\n\t\t\t\t\t\t<\/div>\n\t\t\t\t\t\t\t\t<div class=\"elementor-field-type-text elementor-field-group elementor-column elementor-field-group-field_a1501b5 elementor-col-100\">\n\t\t\t\t\t\t\t\t\t\t\t\t<label for=\"form-field-field_a1501b5\" class=\"elementor-field-label elementor-screen-only\">\n\t\t\t\t\t\t\t\tPersona de Contacte\t\t\t\t\t\t\t<\/label>\n\t\t\t\t\t\t\t\t\t\t\t\t\t\t<input size=\"1\" type=\"text\" name=\"form_fields[field_a1501b5]\" id=\"form-field-field_a1501b5\" class=\"elementor-field elementor-size-sm  elementor-field-textual\" placeholder=\"Persona de Contacte\">\n\t\t\t\t\t\t\t\t\t\t\t<\/div>\n\t\t\t\t\t\t\t\t<div class=\"elementor-field-type-text elementor-field-group elementor-column elementor-field-group-field_9e423c6 elementor-col-100\">\n\t\t\t\t\t\t\t\t\t\t\t\t<label for=\"form-field-field_9e423c6\" class=\"elementor-field-label elementor-screen-only\">\n\t\t\t\t\t\t\t\tEmail\t\t\t\t\t\t\t<\/label>\n\t\t\t\t\t\t\t\t\t\t\t\t\t\t<input size=\"1\" type=\"text\" name=\"form_fields[field_9e423c6]\" id=\"form-field-field_9e423c6\" class=\"elementor-field elementor-size-sm  elementor-field-textual\" placeholder=\"Email de Contacte\">\n\t\t\t\t\t\t\t\t\t\t\t<\/div>\n\t\t\t\t\t\t\t\t<div class=\"elementor-field-type-tel elementor-field-group elementor-column elementor-field-group-field_84d098b elementor-col-100\">\n\t\t\t\t\t\t\t\t\t\t\t\t<label for=\"form-field-field_84d098b\" class=\"elementor-field-label elementor-screen-only\">\n\t\t\t\t\t\t\t\tTel\u00e8fon\t\t\t\t\t\t\t<\/label>\n\t\t\t\t\t\t\t\t<input size=\"1\" type=\"tel\" name=\"form_fields[field_84d098b]\" id=\"form-field-field_84d098b\" class=\"elementor-field elementor-size-sm  elementor-field-textual\" placeholder=\"Tel\u00e8fon\" pattern=\"[0-9()#&amp;+*-=.]+\" title=\"Only numbers and phone characters (#, -, *, etc) are accepted.\">\n\n\t\t\t\t\t\t<\/div>\n\t\t\t\t\t\t\t\t<div class=\"elementor-field-type-text elementor-field-group elementor-column elementor-field-group-field_3be21e1 elementor-col-100\">\n\t\t\t\t\t\t\t\t\t\t\t\t<label for=\"form-field-field_3be21e1\" class=\"elementor-field-label elementor-screen-only\">\n\t\t\t\t\t\t\t\tWeb\t\t\t\t\t\t\t<\/label>\n\t\t\t\t\t\t\t\t\t\t\t\t\t\t<input size=\"1\" type=\"text\" name=\"form_fields[field_3be21e1]\" id=\"form-field-field_3be21e1\" class=\"elementor-field elementor-size-sm  elementor-field-textual\" placeholder=\"Web\">\n\t\t\t\t\t\t\t\t\t\t\t<\/div>\n\t\t\t\t\t\t\t\t<div class=\"elementor-field-type-text elementor-field-group elementor-column elementor-field-group-field_ac45bb2 elementor-col-100\">\n\t\t\t\t\t\t\t\t\t\t\t\t<label for=\"form-field-field_ac45bb2\" class=\"elementor-field-label elementor-screen-only\">\n\t\t\t\t\t\t\t\tXarxes socials\t\t\t\t\t\t\t<\/label>\n\t\t\t\t\t\t\t\t\t\t\t\t\t\t<input size=\"1\" type=\"text\" name=\"form_fields[field_ac45bb2]\" id=\"form-field-field_ac45bb2\" class=\"elementor-field elementor-size-sm  elementor-field-textual\" placeholder=\"Xarxes socials\">\n\t\t\t\t\t\t\t\t\t\t\t<\/div>\n\t\t\t\t\t\t\t\t<div class=\"elementor-field-type-recaptcha_v3 elementor-field-group elementor-column elementor-field-group-field_3e95ab5 elementor-col-100 recaptcha_v3-bottomright\">\n\t\t\t\t\t<div class=\"elementor-field\" id=\"form-field-field_3e95ab5\"><div class=\"elementor-g-recaptcha\" data-sitekey=\"6LcV5doqAAAAAAZXwoIUW8P6pQOciVJ2KPjJdRcp\" data-type=\"v3\" data-action=\"Form\" data-badge=\"bottomright\" data-size=\"invisible\"><\/div><\/div>\t\t\t\t<\/div>\n\t\t\t\t\t\t\t\t<div class=\"elementor-field-group elementor-column elementor-field-type-submit elementor-col-100 e-form__buttons\">\n\t\t\t\t\t<button class=\"elementor-button elementor-size-xs\" type=\"submit\">\n\t\t\t\t\t\t<span class=\"elementor-button-content-wrapper\">\n\t\t\t\t\t\t\t\t\t\t\t\t\t\t\t<span class=\"elementor-button-icon\">\n\t\t\t\t\t\t\t\t\t<svg xmlns=\"http:\/\/www.w3.org\/2000\/svg\" width=\"20\" height=\"14\" viewBox=\"0 0 20 14\" fill=\"none\"><path fill-rule=\"evenodd\" clip-rule=\"evenodd\" d=\"M12.2929 0.292893C12.6834 -0.0976311 13.3166 -0.0976311 13.7071 0.292893L19.7071 6.29289C20.0976 6.68342 20.0976 7.31658 19.7071 7.70711L13.7071 13.7071C13.3166 14.0976 12.6834 14.0976 12.2929 13.7071C11.9024 13.3166 11.9024 12.6834 12.2929 12.2929L16.5858 8H1C0.447715 8 0 7.55228 0 7C0 6.44772 0.447715 6 1 6H16.5858L12.2929 1.70711C11.9024 1.31658 11.9024 0.683417 12.2929 0.292893Z\" fill=\"black\"><\/path><\/svg>\t\t\t\t\t\t\t\t\t\t\t\t\t\t\t\t\t<\/span>\n\t\t\t\t\t\t\t\t\t\t\t\t\t\t\t\t\t\t\t\t\t\t<span class=\"elementor-button-text\">Enviar<\/span>\n\t\t\t\t\t\t\t\t\t\t\t\t\t<\/span>\n\t\t\t\t\t<\/button>\n\t\t\t\t<\/div>\n\t\t\t<\/div>\n\t\t<\/form>\n\t\t\t\t\t\t<\/div>\n\t\t\t\t<\/div>\n\t\t\t\t<\/div>\n\t\t\t\t<\/div>\n\t\t","protected":false},"excerpt":{"rendered":"<p>Moltes gr\u00e0cies pel teu inter\u00e8s en participar en els esdevenients d&#8217;All Those! Per poder valorar la teva sol\u00b7licitud, et demanem que, si us plau, compleixis les dades que sol\u00b7licitem a continuaci\u00f3 sobre el teu projecte. Un cop rebudes, les revisarem, t&#8217;inclourem a la nostra base de dades i et tindrem en compte per a la [&hellip;]<\/p>\n","protected":false},"author":1,"featured_media":0,"parent":0,"menu_order":0,"comment_status":"open","ping_status":"closed","template":"elementor_header_footer","meta":{"footnotes":""},"class_list":["post-4338","page","type-page","status-publish","hentry"],"acf":[],"yoast_head":"<!-- This site is optimized with the Yoast SEO Premium plugin v20.8 (Yoast SEO v24.1) - https:\/\/yoast.com\/wordpress\/plugins\/seo\/ -->\n<title>Com Participar - All Those Market<\/title>\n<meta name=\"robots\" content=\"index, follow, max-snippet:-1, max-image-preview:large, max-video-preview:-1\" \/>\n<link rel=\"canonical\" href=\"https:\/\/course.annafranques.com\/ca\/com-participar\/\" \/>\n<meta property=\"og:locale\" content=\"ca_ES\" \/>\n<meta property=\"og:type\" content=\"article\" \/>\n<meta property=\"og:title\" content=\"Com Participar\" \/>\n<meta property=\"og:description\" content=\"Moltes gr\u00e0cies pel teu inter\u00e8s en participar en els esdevenients d&#8217;All Those! Per poder valorar la teva sol\u00b7licitud, et demanem que, si us plau, compleixis les dades que sol\u00b7licitem a continuaci\u00f3 sobre el teu projecte. Un cop rebudes, les revisarem, t&#8217;inclourem a la nostra base de dades i et tindrem en compte per a la [&hellip;]\" \/>\n<meta property=\"og:url\" content=\"https:\/\/course.annafranques.com\/ca\/com-participar\/\" \/>\n<meta property=\"og:site_name\" content=\"All Those Market\" \/>\n<meta property=\"article:modified_time\" content=\"2025-07-15T09:13:06+00:00\" \/>\n<meta name=\"twitter:card\" content=\"summary_large_image\" \/>\n<script type=\"application\/ld+json\" class=\"yoast-schema-graph\">{\"@context\":\"https:\/\/schema.org\",\"@graph\":[{\"@type\":\"WebPage\",\"@id\":\"https:\/\/course.annafranques.com\/ca\/com-participar\/\",\"url\":\"https:\/\/course.annafranques.com\/ca\/com-participar\/\",\"name\":\"Com Participar - All Those Market\",\"isPartOf\":{\"@id\":\"https:\/\/course.annafranques.com\/#website\"},\"datePublished\":\"2025-02-17T12:07:22+00:00\",\"dateModified\":\"2025-07-15T09:13:06+00:00\",\"breadcrumb\":{\"@id\":\"https:\/\/course.annafranques.com\/ca\/com-participar\/#breadcrumb\"},\"inLanguage\":\"ca\",\"potentialAction\":[{\"@type\":\"ReadAction\",\"target\":[\"https:\/\/course.annafranques.com\/ca\/com-participar\/\"]}]},{\"@type\":\"BreadcrumbList\",\"@id\":\"https:\/\/course.annafranques.com\/ca\/com-participar\/#breadcrumb\",\"itemListElement\":[{\"@type\":\"ListItem\",\"position\":1,\"name\":\"Home\",\"item\":\"https:\/\/course.annafranques.com\/ca\/inici\/\"},{\"@type\":\"ListItem\",\"position\":2,\"name\":\"Com Participar\"}]},{\"@type\":\"WebSite\",\"@id\":\"https:\/\/course.annafranques.com\/#website\",\"url\":\"https:\/\/course.annafranques.com\/\",\"name\":\"All Those Market\",\"description\":\"\",\"potentialAction\":[{\"@type\":\"SearchAction\",\"target\":{\"@type\":\"EntryPoint\",\"urlTemplate\":\"https:\/\/course.annafranques.com\/?s={search_term_string}\"},\"query-input\":{\"@type\":\"PropertyValueSpecification\",\"valueRequired\":true,\"valueName\":\"search_term_string\"}}],\"inLanguage\":\"ca\"}]}<\/script>\n<!-- \/ Yoast SEO Premium plugin. -->","yoast_head_json":{"title":"Com Participar - All Those Market","robots":{"index":"index","follow":"follow","max-snippet":"max-snippet:-1","max-image-preview":"max-image-preview:large","max-video-preview":"max-video-preview:-1"},"canonical":"https:\/\/course.annafranques.com\/ca\/com-participar\/","og_locale":"ca_ES","og_type":"article","og_title":"Com Participar","og_description":"Moltes gr\u00e0cies pel teu inter\u00e8s en participar en els esdevenients d&#8217;All Those! Per poder valorar la teva sol\u00b7licitud, et demanem que, si us plau, compleixis les dades que sol\u00b7licitem a continuaci\u00f3 sobre el teu projecte. Un cop rebudes, les revisarem, t&#8217;inclourem a la nostra base de dades i et tindrem en compte per a la [&hellip;]","og_url":"https:\/\/course.annafranques.com\/ca\/com-participar\/","og_site_name":"All Those Market","article_modified_time":"2025-07-15T09:13:06+00:00","twitter_card":"summary_large_image","schema":{"@context":"https:\/\/schema.org","@graph":[{"@type":"WebPage","@id":"https:\/\/course.annafranques.com\/ca\/com-participar\/","url":"https:\/\/course.annafranques.com\/ca\/com-participar\/","name":"Com Participar - All Those Market","isPartOf":{"@id":"https:\/\/course.annafranques.com\/#website"},"datePublished":"2025-02-17T12:07:22+00:00","dateModified":"2025-07-15T09:13:06+00:00","breadcrumb":{"@id":"https:\/\/course.annafranques.com\/ca\/com-participar\/#breadcrumb"},"inLanguage":"ca","potentialAction":[{"@type":"ReadAction","target":["https:\/\/course.annafranques.com\/ca\/com-participar\/"]}]},{"@type":"BreadcrumbList","@id":"https:\/\/course.annafranques.com\/ca\/com-participar\/#breadcrumb","itemListElement":[{"@type":"ListItem","position":1,"name":"Home","item":"https:\/\/course.annafranques.com\/ca\/inici\/"},{"@type":"ListItem","position":2,"name":"Com Participar"}]},{"@type":"WebSite","@id":"https:\/\/course.annafranques.com\/#website","url":"https:\/\/course.annafranques.com\/","name":"All Those Market","description":"","potentialAction":[{"@type":"SearchAction","target":{"@type":"EntryPoint","urlTemplate":"https:\/\/course.annafranques.com\/?s={search_term_string}"},"query-input":{"@type":"PropertyValueSpecification","valueRequired":true,"valueName":"search_term_string"}}],"inLanguage":"ca"}]}},"_links":{"self":[{"href":"https:\/\/course.annafranques.com\/ca\/wp-json\/wp\/v2\/pages\/4338","targetHints":{"allow":["GET"]}}],"collection":[{"href":"https:\/\/course.annafranques.com\/ca\/wp-json\/wp\/v2\/pages"}],"about":[{"href":"https:\/\/course.annafranques.com\/ca\/wp-json\/wp\/v2\/types\/page"}],"author":[{"embeddable":true,"href":"https:\/\/course.annafranques.com\/ca\/wp-json\/wp\/v2\/users\/1"}],"replies":[{"embeddable":true,"href":"https:\/\/course.annafranques.com\/ca\/wp-json\/wp\/v2\/comments?post=4338"}],"version-history":[{"count":4,"href":"https:\/\/course.annafranques.com\/ca\/wp-json\/wp\/v2\/pages\/4338\/revisions"}],"predecessor-version":[{"id":4758,"href":"https:\/\/course.annafranques.com\/ca\/wp-json\/wp\/v2\/pages\/4338\/revisions\/4758"}],"wp:attachment":[{"href":"https:\/\/course.annafranques.com\/ca\/wp-json\/wp\/v2\/media?parent=4338"}],"curies":[{"name":"wp","href":"https:\/\/api.w.org\/{rel}","templated":true}]}}