{"id":4366,"date":"2025-02-18T09:15:07","date_gmt":"2025-02-18T09:15:07","guid":{"rendered":"https:\/\/course.annafranques.com\/faqs\/"},"modified":"2025-10-20T09:43:29","modified_gmt":"2025-10-20T09:43:29","slug":"faqs","status":"publish","type":"page","link":"https:\/\/course.annafranques.com\/ca\/faqs\/","title":{"rendered":"FAQs"},"content":{"rendered":"\t\t<div data-elementor-type=\"wp-page\" data-elementor-id=\"4366\" class=\"elementor elementor-4366 elementor-4009\" data-elementor-post-type=\"page\">\n\t\t\t\t<div class=\"elementor-element elementor-element-42668f4 e-con-full e-flex e-con e-parent\" data-id=\"42668f4\" data-element_type=\"container\">\n\t\t\t\t<div class=\"elementor-element elementor-element-98dc3fb e-n-tabs-mobile elementor-widget elementor-widget-n-tabs\" data-id=\"98dc3fb\" data-element_type=\"widget\" data-widget_type=\"nested-tabs.default\">\n\t\t\t\t<div class=\"elementor-widget-container\">\n\t\t\t\t\t\t\t<div class=\"e-n-tabs\" data-widget-number=\"160285691\" aria-label=\"Tabuladors. Obre elements amb Retorn o Espai, tanca amb Esc i navega amb les tecles de fletxa.\">\n\t\t\t<div class=\"e-n-tabs-heading\" role=\"tablist\">\n\t\t\t\t\t<button id=\"e-n-tab-title-1602856911\" class=\"e-n-tab-title\" aria-selected=\"true\" data-tab-index=\"1\" role=\"tab\" tabindex=\"0\" aria-controls=\"e-n-tab-content-1602856911\" style=\"--n-tabs-title-order: 1;\">\n\t\t\t\t\t\t<span class=\"e-n-tab-title-text\">\n\t\t\t\tINFORMACI\u00d3 GENERAL\t\t\t<\/span>\n\t\t<\/button>\n\t\t\t\t<button id=\"e-n-tab-title-1602856912\" class=\"e-n-tab-title\" aria-selected=\"false\" data-tab-index=\"2\" role=\"tab\" tabindex=\"-1\" aria-controls=\"e-n-tab-content-1602856912\" style=\"--n-tabs-title-order: 2;\">\n\t\t\t\t\t\t<span class=\"e-n-tab-title-text\">\n\t\t\t\tENTRADES\t\t\t<\/span>\n\t\t<\/button>\n\t\t\t\t<button id=\"e-n-tab-title-1602856913\" class=\"e-n-tab-title\" aria-selected=\"false\" data-tab-index=\"3\" role=\"tab\" tabindex=\"-1\" aria-controls=\"e-n-tab-content-1602856913\" style=\"--n-tabs-title-order: 3;\">\n\t\t\t\t\t\t<span class=\"e-n-tab-title-text\">\n\t\t\t\tHORARIS\t\t\t<\/span>\n\t\t<\/button>\n\t\t\t\t<button id=\"e-n-tab-title-1602856914\" class=\"e-n-tab-title\" aria-selected=\"false\" data-tab-index=\"4\" role=\"tab\" tabindex=\"-1\" aria-controls=\"e-n-tab-content-1602856914\" style=\"--n-tabs-title-order: 4;\">\n\t\t\t\t\t\t<span class=\"e-n-tab-title-text\">\n\t\t\t\tACCESSOS\t\t\t<\/span>\n\t\t<\/button>\n\t\t\t\t<button id=\"e-n-tab-title-1602856915\" class=\"e-n-tab-title\" aria-selected=\"false\" data-tab-index=\"5\" role=\"tab\" tabindex=\"-1\" aria-controls=\"e-n-tab-content-1602856915\" style=\"--n-tabs-title-order: 5;\">\n\t\t\t\t\t\t<span class=\"e-n-tab-title-text\">\n\t\t\t\tOFERTA GASTRONOMICA\t\t\t<\/span>\n\t\t<\/button>\n\t\t\t\t<button id=\"e-n-tab-title-1602856916\" class=\"e-n-tab-title\" aria-selected=\"false\" data-tab-index=\"6\" role=\"tab\" tabindex=\"-1\" aria-controls=\"e-n-tab-content-1602856916\" style=\"--n-tabs-title-order: 6;\">\n\t\t\t\t\t\t<span class=\"e-n-tab-title-text\">\n\t\t\t\tPARTICIPACI\u00d3\t\t\t<\/span>\n\t\t<\/button>\n\t\t\t\t\t<\/div>\n\t\t\t<div class=\"e-n-tabs-content\">\n\t\t\t\t<div id=\"e-n-tab-content-1602856911\" role=\"tabpanel\" aria-labelledby=\"e-n-tab-title-1602856911\" data-tab-index=\"1\" style=\"--n-tabs-title-order: 1;\" class=\"e-active elementor-element elementor-element-75bf705 e-con-full e-flex e-con e-child\" data-id=\"75bf705\" data-element_type=\"container\">\n\t\t\t\t<div class=\"elementor-element elementor-element-51ea40c elementor-widget elementor-widget-text-editor\" data-id=\"51ea40c\" data-element_type=\"widget\" data-widget_type=\"text-editor.default\">\n\t\t\t\t<div class=\"elementor-widget-container\">\n\t\t\t\t\t\t\t\t\t<p><strong><b>Quan i on \u00e9s l&#8217;edici\u00f3 de Tardor d&#8217;All Those Food Market?<\/b><\/strong><\/p>\n<p><span style=\"font-weight: 400;\">L&#8217;edici\u00f3 de Tardor d&#8217;All Those Food Market tindr\u00e0 lloc els dies 1 i 2 de novembre al Moll de la Fusta (Moll de Bosch i Alsina 1, 08039 Barcelona). Us esperem!<\/span><\/p>\n<p><b>Qu\u00e8 \u00e9s All Those Food Market? <\/b><\/p>\n<p><span style=\"font-weight: 400;\">All Those Food Market \u00e9s un festival gastron\u00f2mic que reuneix un mercat d&#8217;artesans i emprenedors gastron\u00f2mics, una selecci\u00f3 d&#8217;alguns dels restaurants m\u00e9s interessants de la ciutat oferint propostes de street food, tallers per a adults i fam\u00edlies, i m\u00fasica. <\/span><\/p>\n<p><b>Quin \u00e9s l\u2019horari del festival?<\/b><b><br \/><\/b><span style=\"font-weight: 400;\">L&#8217;horari \u00e9s: dissabte de 11h a 22.30h i diumenge de 11h a 20h. <\/span><\/p>\n<p><b>Quant costa l&#8217;entrada?<\/b><\/p>\n<p><span style=\"font-weight: 400;\">L&#8217;entrada anticipada costa 5\u20ac i es compra a la nostra web (<\/span><a href=\"https:\/\/tienda.allthose.org\/es\/edicion\/all-those-food-market-barcelona\"><br \/>\n  <span style=\"font-weight: 400;\">https:\/\/tienda.allthose.org\/<\/span><br \/>\n<\/a><span style=\"font-weight: 400;\">).<\/span><span style=\"font-weight: 400;\"> En el recinte l&#8217;entrada costar\u00e0 6\u20ac.<\/span> <span style=\"font-weight: 400;\">Si la compres anticipada \u00e9s m\u00e9s econ\u00f2mica, t&#8217;assegures d&#8217;entrar i t&#8217;estalvies les cues. T&#8217;esperem!<\/span><\/p>\n<p><b>Puc venir a l&#8217;esdeveniment amb nens?<\/b><span style=\"font-weight: 400;\">  <\/span><\/p>\n<p>S\u00ed, per suposat! <span style=\"font-weight: 400;\">Els\/les nens\/es menors de 12 anys no paguen entrada. <\/span><\/p>\n<p><b>Puc venir amb el meu gos?<\/b><span style=\"font-weight: 400;\">  <\/span><\/p>\n<p><span style=\"font-weight: 400;\">Els gossos s\u00f3n benvinguts al festival, sempre que portin corretja.<\/span><\/p>\n<p><b>Per qu\u00e8 se celebra aquesta edici\u00f3 al Moll de la Fusta?<\/b><\/p>\n<p><span style=\"font-weight: 400;\">El Moll de la Fusta \u00e9s un gran espai gr\u00e0cies a la seva ubicaci\u00f3 davant del mar i les seves boniques palmeres, que permet gaudir de l&#8217;edici\u00f3 d&#8217;All Those Food Market Primavera en un ambient obert i accessible. A m\u00e9s, la seva amplitud ens permet oferir una millor experi\u00e8ncia a tots els assistents, amb m\u00e9s comoditat i flu\u00efdesa durant l&#8217;esdeveniment.  <\/span><\/p>\n<p><br style=\"font-weight: 400;\"><br style=\"font-weight: 400;\"><\/p>\n\t\t\t\t\t\t\t\t<\/div>\n\t\t\t\t<\/div>\n\t\t\t\t<\/div>\n\t\t<div id=\"e-n-tab-content-1602856912\" role=\"tabpanel\" aria-labelledby=\"e-n-tab-title-1602856912\" data-tab-index=\"2\" style=\"--n-tabs-title-order: 2;\" class=\" elementor-element elementor-element-d07fea7 e-con-full e-flex e-con e-child\" data-id=\"d07fea7\" data-element_type=\"container\">\n\t\t\t\t<div class=\"elementor-element elementor-element-de2dd3a elementor-widget elementor-widget-text-editor\" data-id=\"de2dd3a\" data-element_type=\"widget\" data-widget_type=\"text-editor.default\">\n\t\t\t\t<div class=\"elementor-widget-container\">\n\t\t\t\t\t\t\t\t\t<p><b>Quant costa l&#8217;entrada?<\/b><\/p>\n<p><span style=\"font-weight: 400;\">L&#8217;entrada anticipada costa 5\u20ac i es compra a la nostra web (<\/span><a href=\"https:\/\/tienda.allthose.org\/es\/edicion\/all-those-food-market-barcelona\"><br \/>\n  <span style=\"font-weight: 400;\">https:\/\/tienda.allthose.org\/<\/span><br \/>\n<\/a><span style=\"font-weight: 400;\">).<\/span><span style=\"font-weight: 400;\"> En el recinte l&#8217;entrada costar\u00e0 6\u20ac.<\/span> <span style=\"font-weight: 400;\">Si la compres anticipada \u00e9s m\u00e9s econ\u00f2mica, t&#8217;assegures d&#8217;entrar i t&#8217;estalvies les cues. T&#8217;esperem!<\/span><\/p>\n<p><b>Quins beneficis ofereix l&#8217;entrada anticipada?<\/b><\/p>\n<p><span style=\"font-weight: 400;\">T&#8217;assegura l&#8217;acc\u00e8s i et fa estalviar-te les possibles cues.<\/span><\/p>\n<p><b>Es pot pagar l&#8217;entrada al recinte amb targeta i efectiu?<\/b><\/p>\n<p><span style=\"font-weight: 400;\">S\u00ed, l&#8217;entrada al festival es pot pagar amb targeta o en efectiu.<\/span><\/p>\n<p><b>A part de l&#8217;entrada, cal pagar per menjar i beure un cop dins?<\/b><\/p>\n<p><span style=\"font-weight: 400;\">S\u00ed. L&#8217;entrada al recinte costa 5\u20ac o 6\u20ac per\u00f2 les consumicions es paguen apart. <\/span><\/p>\n\t\t\t\t\t\t\t\t<\/div>\n\t\t\t\t<\/div>\n\t\t\t\t<\/div>\n\t\t<div id=\"e-n-tab-content-1602856913\" role=\"tabpanel\" aria-labelledby=\"e-n-tab-title-1602856913\" data-tab-index=\"3\" style=\"--n-tabs-title-order: 3;\" class=\" elementor-element elementor-element-f21e92a e-con-full e-flex e-con e-child\" data-id=\"f21e92a\" data-element_type=\"container\">\n\t\t\t\t<div class=\"elementor-element elementor-element-4aab0b2 elementor-widget elementor-widget-text-editor\" data-id=\"4aab0b2\" data-element_type=\"widget\" data-widget_type=\"text-editor.default\">\n\t\t\t\t<div class=\"elementor-widget-container\">\n\t\t\t\t\t\t\t\t\t<p><b>Quin \u00e9s l\u2019horari del festival?<\/b><\/p>\n<p><span style=\"font-weight: 400;\">L&#8217;horari \u00e9s: dissabte de 11h a 22.30h i diumenge de 11h a 20h. <\/span><\/p>\n\t\t\t\t\t\t\t\t<\/div>\n\t\t\t\t<\/div>\n\t\t\t\t<\/div>\n\t\t<div id=\"e-n-tab-content-1602856914\" role=\"tabpanel\" aria-labelledby=\"e-n-tab-title-1602856914\" data-tab-index=\"4\" style=\"--n-tabs-title-order: 4;\" class=\" elementor-element elementor-element-daa0bed e-con-full e-flex e-con e-child\" data-id=\"daa0bed\" data-element_type=\"container\">\n\t\t\t\t<div class=\"elementor-element elementor-element-23d5070 elementor-widget elementor-widget-text-editor\" data-id=\"23d5070\" data-element_type=\"widget\" data-widget_type=\"text-editor.default\">\n\t\t\t\t<div class=\"elementor-widget-container\">\n\t\t\t\t\t\t\t\t\t<p><strong>Quina \u00e9s la direcci\u00f3 exacta i per on s&#8217;entra?<\/strong><\/p>\n<p><span style=\"font-weight: 400;\">La direcci\u00f3 exacta \u00e9s <a href=\"https:\/\/maps.app.goo.gl\/UfoZyTAJ6PnxLNfZ6\">Moll de Bosch i Alsina, 1<\/a>, Barcelona.<\/span><\/p>\n<p>Com a novetat, en aquesta edici\u00f3 el festival tindr\u00e0 dos accessos: un pel costat de Pla\u00e7a Colom i l&#8217;altre pel costat de Via Laietana. <\/p>\n<p><b>Com arribo al festival? <\/b><span style=\"font-weight: 400;\">Se puede llegar de las siguientes maneras:<\/span><\/p>\n<p><span style=\"font-weight: 400;\"><strong>Amb metro<\/strong> &#8211; Drassanes (L3).<\/span><span style=\"font-weight: 400;\"><br \/><\/span><\/p>\n<p><span style=\"font-weight: 400;\"><strong>Autob\u00fas<\/strong>: 59, 120, D20, H14.<\/span><b><br \/><\/b><\/p>\n<p><strong>Bicing:<\/strong><\/p>\n<ul>\n<li data-start=\"101\" data-end=\"305\"><strong data-start=\"101\" data-end=\"148\">Estaci\u00f3 402 \u2013 Passeig Colom \u2013 Via Laietana<\/strong><br data-start=\"148\" data-end=\"151\">Direcci\u00f3: Passeig de Colom, 2 (districte Ciutat Vella, barri G\u00f2tic)<br data-start=\"219\" data-end=\"222\">Aproximadament a 350 m, uns 5 minuts a peu al noroest d&#8217;El Moll de la Fusta.<\/li>\n<li data-start=\"307\" data-end=\"511\"><strong data-start=\"307\" data-end=\"354\">Estaci\u00f3 126 \u2013 Passeig Colom \u2013 Via Laietana<\/strong><br data-start=\"354\" data-end=\"357\">Direcci\u00f3: Passeig de Colom, 6 (districte Ciutat Vella, barri G\u00f2tic)<br data-start=\"425\" data-end=\"428\">Aproximadament a 300 m, uns 4 minuts a peu al noroest d&#8217;El Moll de la Fusta.<\/li>\n<li data-start=\"513\" data-end=\"718\"><strong data-start=\"513\" data-end=\"560\">Estaci\u00f3 037 \u2013 Passeig Colom \u2013 Via Laietana<\/strong><br data-start=\"560\" data-end=\"563\">Direcci\u00f3: Passeig de Colom, 11 (districte Ciutat Vella, barri G\u00f2tic)<br data-start=\"632\" data-end=\"635\">Aproximadament a 250 m, uns 3 minuts a peu al noroest d&#8217;El Moll de la Fusta.<\/li>\n<li data-start=\"720\" data-end=\"921\"><strong data-start=\"720\" data-end=\"766\">Estaci\u00f3 410 \u2013 Passeig Colom (Les Rambles)<\/strong><br data-start=\"766\" data-end=\"769\">Direcci\u00f3: Passeig de Colom, 21 (districte Ciutat Vella, barri G\u00f2tic)<br data-start=\"838\" data-end=\"841\">Aproximadament a 300 m, uns 4 minuts a peu a l&#8217;oest d&#8217;El Moll de la Fusta.<\/li>\n<li data-start=\"923\" data-end=\"1124\"><strong data-start=\"923\" data-end=\"969\">Estaci\u00f3 361 \u2013 Passeig Colom (Les Rambles)<\/strong><br data-start=\"969\" data-end=\"972\">Direcci\u00f3: Passeig de Colom, 23 (districte Ciutat Vella, barri G\u00f2tic)<br data-start=\"1041\" data-end=\"1044\">Aproximadament a 350 m, uns 5 minuts a peu a l&#8217;oest de El Moll de la Fusta.<\/li>\n<\/ul>\n<p><strong>Parking:<\/strong> <span style=\"font-weight: 400;\">recomanem el parking BSM d&#8217; el Moll de la Fusta, situat a 3 minuts d&#8217; All Those Food Market. La direcci\u00f3 exacta \u00e9s: Pg. de Colom, 1, Ciutat Vella, 08002 Barcelona  <\/span><\/p>\n\t\t\t\t\t\t\t\t<\/div>\n\t\t\t\t<\/div>\n\t\t\t\t<\/div>\n\t\t<div id=\"e-n-tab-content-1602856915\" role=\"tabpanel\" aria-labelledby=\"e-n-tab-title-1602856915\" data-tab-index=\"5\" style=\"--n-tabs-title-order: 5;\" class=\" elementor-element elementor-element-229a6b3 e-con-full e-flex e-con e-child\" data-id=\"229a6b3\" data-element_type=\"container\">\n\t\t\t\t<div class=\"elementor-element elementor-element-2b9eb1b elementor-widget elementor-widget-text-editor\" data-id=\"2b9eb1b\" data-element_type=\"widget\" data-widget_type=\"text-editor.default\">\n\t\t\t\t<div class=\"elementor-widget-container\">\n\t\t\t\t\t\t\t\t\t<p><b>Quins restaurants es poden trobar en aquesta edici\u00f3?<\/b><\/p>\n<p><span style=\"font-weight: 400;\">Per aquesta edici\u00f3 d&#8217; All Those Food Market hem treballat un cartell excepcional de restaurants participants.&nbsp;<\/span><\/p>\n<p><span style=\"background-color: rgba(0, 0, 0, 0);\">El festival comptar\u00e0 amb la presencia de la cuina fusi\u00f3 de <\/span><b style=\"background-color: rgba(0, 0, 0, 0);\">Mantis<\/b><span style=\"background-color: rgba(0, 0, 0, 0);\">, els entrepans japonesos de <\/span><b style=\"background-color: rgba(0, 0, 0, 0);\">Fry House<\/b><span style=\"background-color: rgba(0, 0, 0, 0);\">, les aut\u00e8ntiques focaccies de <\/span><b style=\"background-color: rgba(0, 0, 0, 0);\">Focacceria Balmesina<\/b><span style=\"background-color: rgba(0, 0, 0, 0);\">, els kebabs tallats a ganivet de <\/span><b style=\"background-color: rgba(0, 0, 0, 0);\">Bien Kebab<\/b><span style=\"background-color: rgba(0, 0, 0, 0);\"> i les delicioses fondues de <\/span><b style=\"background-color: rgba(0, 0, 0, 0);\">Can Luc<\/b><span style=\"background-color: rgba(0, 0, 0, 0);\">.&nbsp;<\/span><\/p>\n<p>No faltar\u00e0 la cuina vene\u00e7olana de <b>La Cachapera<\/b>, la proposta india de <b>Tandoor<\/b>, la cuina de mercat de <b>Bar Pimentel,&nbsp; les sucoses hamburgueses <\/b><span style=\"background-color: rgba(0, 0, 0, 0);\">de<b> La Porca<\/b>,<\/span><span style=\"background-color: rgba(0, 0, 0, 0);\">\n  &nbsp;\n<\/span><span style=\"background-color: rgba(0, 0, 0, 0);\">o la deliciosa proposta peruana de <\/span><b style=\"background-color: rgba(0, 0, 0, 0);\">Warike<\/b><span style=\"background-color: rgba(0, 0, 0, 0);\">.&nbsp;<\/span><\/p>\n<p>Tamb\u00e9 hi ser\u00e0n les carns i verdures cuites a llenya d&#8217;<b>Asa<\/b>, les hamburgueses de <b>Fat Barbies<\/b>, els paninis italians de <b>Bodega Santo Porcello<\/b> i la cuina mexicana de <b>Pi\u00f1ata Cantina<\/b>.&nbsp;<\/p>\n<p><strong><br>Hi haur\u00e0 opcions dolces?<\/strong><\/p>\n<p>\u00a1Per suposat! Comptarem amb una curada selecci\u00f3 de projectes dol\u00e7os com la pastisseria artesanal de <b>Morreig<\/b>, els deliciosos cheesecakes de <b>Chica<\/b>, els pastissos de <b>Past\u00e9 BCN<\/b>, els colorits a\u00e7a\u00ed bowls de <b>Gaia&#8217;s Garden<\/b>, els dol\u00e7os vegans de <b>Tonka<\/b> o les aut\u00e8ntiques cremes catalanes de <b>Sucre Cremat<\/b>. Tampoc faltaran els gelats de <strong>delaCrem<\/strong>.  <\/p>\n<p>Tot acompanyat del caf\u00e8 d&#8217;especialitat de <strong>Nomad Coffee.&nbsp;<\/strong><\/p><p><strong><br><\/strong><\/p>\n<p><strong><\/strong><\/p><strong>\n<p>Quins projectes d&#8217;artesans i emprenedors gastron\u00f2mics trobar\u00e9 al mercat?<\/p>\n<\/strong><p><strong><\/strong><\/p>\n<p><strong><\/strong>Participen m\u00e9s de 50 projectes en cada edici\u00f3.&nbsp;<\/p>\n<p><span style=\"background-color: rgba(0, 0, 0, 0);\">Alguns dels confirmats per l&#8217;edici\u00f3 de tardor s\u00f3n els ganivets de <b>Pallar\u00e8s Solsona<\/b>, els tom\u00e0quets secs d&#8217;<b>Encantaran<\/b>, les<\/span><b style=\"background-color: rgba(0, 0, 0, 0);\"> <\/b><span style=\"background-color: rgba(0, 0, 0, 0);\">conserves<\/span><span style=\"background-color: rgba(0, 0, 0, 0);\"> el\u00b7laborades amb fruita i verdura imperfecta de <\/span><b style=\"background-color: rgba(0, 0, 0, 0);\">Es Im-perfect<\/b><span style=\"background-color: rgba(0, 0, 0, 0);\">, els embotits de la Plana de Vic de <b>La Gleva<\/b>, les <\/span><span style=\"background-color: rgba(0, 0, 0, 0);\">esp\u00e8cies<\/span><b style=\"background-color: rgba(0, 0, 0, 0);\"> <\/b><span style=\"background-color: rgba(0, 0, 0, 0);\">de<\/span><b style=\"background-color: rgba(0, 0, 0, 0);\"> Kondimenta<\/b><span style=\"background-color: rgba(0, 0, 0, 0);\">, la <\/span><span style=\"background-color: rgba(0, 0, 0, 0);\">cer\u00e0mica artesanal<\/span><b style=\"background-color: rgba(0, 0, 0, 0);\"> <\/b><span style=\"background-color: rgba(0, 0, 0, 0);\">de<\/span><b style=\"background-color: rgba(0, 0, 0, 0);\"> La Magrana<\/b><span style=\"background-color: rgba(0, 0, 0, 0);\"> o les receptes il\u00b7lustrades a aquarel\u00b7la<\/span><span style=\"background-color: rgba(0, 0, 0, 0);\"> <\/span><span style=\"background-color: rgba(0, 0, 0, 0);\">de<\/span><b style=\"background-color: rgba(0, 0, 0, 0);\"> Gala Pont.<\/b><\/p>\t\t\t\t\t\t\t\t<\/div>\n\t\t\t\t<\/div>\n\t\t\t\t<\/div>\n\t\t<div id=\"e-n-tab-content-1602856916\" role=\"tabpanel\" aria-labelledby=\"e-n-tab-title-1602856916\" data-tab-index=\"6\" style=\"--n-tabs-title-order: 6;\" class=\" elementor-element elementor-element-2631b6f e-con-full e-flex e-con e-child\" data-id=\"2631b6f\" data-element_type=\"container\">\n\t\t\t\t<div class=\"elementor-element elementor-element-e1cf070 elementor-widget elementor-widget-text-editor\" data-id=\"e1cf070\" data-element_type=\"widget\" data-widget_type=\"text-editor.default\">\n\t\t\t\t<div class=\"elementor-widget-container\">\n\t\t\t\t\t\t\t\t\t<p><b>Tinc un projecte gastron\u00f2mic \/ s\u00f3c DJ \/ s\u00f3c ceramista \/\u2026, com puc participar en algun dels esdeveniments d\u2019All Those?<\/b><\/p>\n<p><b><\/b><span style=\"font-weight: 400;\">Gr\u00e0cies pel teu inter\u00e8s! Pots escriure un email a  <\/span><span style=\"text-decoration: underline;\"><br \/>\n  <a href=\"mailto:hello@allthose.org\"><br \/>\n    <span style=\"font-weight: 400;\">hello@allthose.org<\/span><br \/>\n  <\/a><br \/>\n<\/span> <span style=\"font-weight: 400;\">explicant-nos m\u00e9s sobre el teu projecte i quan acabi el festival t&#8217;enviarem informaci\u00f3.<\/span><\/p>\n\t\t\t\t\t\t\t\t<\/div>\n\t\t\t\t<\/div>\n\t\t\t\t<\/div>\n\t\t\t\t\t<\/div>\n\t\t<\/div>\n\t\t\t\t\t\t<\/div>\n\t\t\t\t<\/div>\n\t\t\t\t<\/div>\n\t\t\t\t<\/div>\n\t\t","protected":false},"excerpt":{"rendered":"<p>INFORMACI\u00d3 GENERAL ENTRADES HORARIS ACCESSOS OFERTA GASTRONOMICA PARTICIPACI\u00d3 Quan i on \u00e9s l&#8217;edici\u00f3 de Tardor d&#8217;All Those Food Market? L&#8217;edici\u00f3 de Tardor d&#8217;All Those Food Market tindr\u00e0 lloc els dies 1 i 2 de novembre al Moll de la Fusta (Moll de Bosch i Alsina 1, 08039 Barcelona). Us esperem! Qu\u00e8 \u00e9s All Those Food [&hellip;]<\/p>\n","protected":false},"author":1,"featured_media":0,"parent":0,"menu_order":0,"comment_status":"closed","ping_status":"closed","template":"elementor_header_footer","meta":{"footnotes":""},"class_list":["post-4366","page","type-page","status-publish","hentry"],"acf":[],"yoast_head":"<!-- This site is optimized with the Yoast SEO Premium plugin v20.8 (Yoast SEO v24.1) - https:\/\/yoast.com\/wordpress\/plugins\/seo\/ -->\n<title>FAQs - All Those Market<\/title>\n<meta name=\"robots\" content=\"index, follow, max-snippet:-1, max-image-preview:large, max-video-preview:-1\" \/>\n<link rel=\"canonical\" href=\"https:\/\/course.annafranques.com\/faqs\/\" \/>\n<meta property=\"og:locale\" content=\"ca_ES\" \/>\n<meta property=\"og:type\" content=\"article\" \/>\n<meta property=\"og:title\" content=\"FAQs\" \/>\n<meta property=\"og:description\" content=\"INFORMACI\u00d3 GENERAL ENTRADES HORARIS ACCESSOS OFERTA GASTRONOMICA PARTICIPACI\u00d3 Quan i on \u00e9s l&#8217;edici\u00f3 de Tardor d&#8217;All Those Food Market? L&#8217;edici\u00f3 de Tardor d&#8217;All Those Food Market tindr\u00e0 lloc els dies 1 i 2 de novembre al Moll de la Fusta (Moll de Bosch i Alsina 1, 08039 Barcelona). Us esperem! Qu\u00e8 \u00e9s All Those Food [&hellip;]\" \/>\n<meta property=\"og:url\" content=\"https:\/\/course.annafranques.com\/faqs\/\" \/>\n<meta property=\"og:site_name\" content=\"All Those Market\" \/>\n<meta property=\"article:modified_time\" content=\"2025-10-20T09:43:29+00:00\" \/>\n<meta name=\"twitter:card\" content=\"summary_large_image\" \/>\n<meta name=\"twitter:label1\" content=\"Temps estimat de lectura\" \/>\n\t<meta name=\"twitter:data1\" content=\"11 minuts\" \/>\n<script type=\"application\/ld+json\" class=\"yoast-schema-graph\">{\"@context\":\"https:\/\/schema.org\",\"@graph\":[{\"@type\":\"WebPage\",\"@id\":\"https:\/\/course.annafranques.com\/faqs\/\",\"url\":\"https:\/\/course.annafranques.com\/faqs\/\",\"name\":\"FAQs - All Those Market\",\"isPartOf\":{\"@id\":\"https:\/\/course.annafranques.com\/#website\"},\"datePublished\":\"2025-02-18T09:15:07+00:00\",\"dateModified\":\"2025-10-20T09:43:29+00:00\",\"breadcrumb\":{\"@id\":\"https:\/\/course.annafranques.com\/faqs\/#breadcrumb\"},\"inLanguage\":\"ca\",\"potentialAction\":[{\"@type\":\"ReadAction\",\"target\":[\"https:\/\/course.annafranques.com\/faqs\/\"]}]},{\"@type\":\"BreadcrumbList\",\"@id\":\"https:\/\/course.annafranques.com\/faqs\/#breadcrumb\",\"itemListElement\":[{\"@type\":\"ListItem\",\"position\":1,\"name\":\"Home\",\"item\":\"https:\/\/course.annafranques.com\/ca\/inici\/\"},{\"@type\":\"ListItem\",\"position\":2,\"name\":\"FAQs\"}]},{\"@type\":\"WebSite\",\"@id\":\"https:\/\/course.annafranques.com\/#website\",\"url\":\"https:\/\/course.annafranques.com\/\",\"name\":\"All Those Market\",\"description\":\"\",\"potentialAction\":[{\"@type\":\"SearchAction\",\"target\":{\"@type\":\"EntryPoint\",\"urlTemplate\":\"https:\/\/course.annafranques.com\/?s={search_term_string}\"},\"query-input\":{\"@type\":\"PropertyValueSpecification\",\"valueRequired\":true,\"valueName\":\"search_term_string\"}}],\"inLanguage\":\"ca\"}]}<\/script>\n<!-- \/ Yoast SEO Premium plugin. -->","yoast_head_json":{"title":"FAQs - All Those Market","robots":{"index":"index","follow":"follow","max-snippet":"max-snippet:-1","max-image-preview":"max-image-preview:large","max-video-preview":"max-video-preview:-1"},"canonical":"https:\/\/course.annafranques.com\/faqs\/","og_locale":"ca_ES","og_type":"article","og_title":"FAQs","og_description":"INFORMACI\u00d3 GENERAL ENTRADES HORARIS ACCESSOS OFERTA GASTRONOMICA PARTICIPACI\u00d3 Quan i on \u00e9s l&#8217;edici\u00f3 de Tardor d&#8217;All Those Food Market? L&#8217;edici\u00f3 de Tardor d&#8217;All Those Food Market tindr\u00e0 lloc els dies 1 i 2 de novembre al Moll de la Fusta (Moll de Bosch i Alsina 1, 08039 Barcelona). Us esperem! Qu\u00e8 \u00e9s All Those Food [&hellip;]","og_url":"https:\/\/course.annafranques.com\/faqs\/","og_site_name":"All Those Market","article_modified_time":"2025-10-20T09:43:29+00:00","twitter_card":"summary_large_image","twitter_misc":{"Temps estimat de lectura":"11 minuts"},"schema":{"@context":"https:\/\/schema.org","@graph":[{"@type":"WebPage","@id":"https:\/\/course.annafranques.com\/faqs\/","url":"https:\/\/course.annafranques.com\/faqs\/","name":"FAQs - All Those Market","isPartOf":{"@id":"https:\/\/course.annafranques.com\/#website"},"datePublished":"2025-02-18T09:15:07+00:00","dateModified":"2025-10-20T09:43:29+00:00","breadcrumb":{"@id":"https:\/\/course.annafranques.com\/faqs\/#breadcrumb"},"inLanguage":"ca","potentialAction":[{"@type":"ReadAction","target":["https:\/\/course.annafranques.com\/faqs\/"]}]},{"@type":"BreadcrumbList","@id":"https:\/\/course.annafranques.com\/faqs\/#breadcrumb","itemListElement":[{"@type":"ListItem","position":1,"name":"Home","item":"https:\/\/course.annafranques.com\/ca\/inici\/"},{"@type":"ListItem","position":2,"name":"FAQs"}]},{"@type":"WebSite","@id":"https:\/\/course.annafranques.com\/#website","url":"https:\/\/course.annafranques.com\/","name":"All Those Market","description":"","potentialAction":[{"@type":"SearchAction","target":{"@type":"EntryPoint","urlTemplate":"https:\/\/course.annafranques.com\/?s={search_term_string}"},"query-input":{"@type":"PropertyValueSpecification","valueRequired":true,"valueName":"search_term_string"}}],"inLanguage":"ca"}]}},"_links":{"self":[{"href":"https:\/\/course.annafranques.com\/ca\/wp-json\/wp\/v2\/pages\/4366","targetHints":{"allow":["GET"]}}],"collection":[{"href":"https:\/\/course.annafranques.com\/ca\/wp-json\/wp\/v2\/pages"}],"about":[{"href":"https:\/\/course.annafranques.com\/ca\/wp-json\/wp\/v2\/types\/page"}],"author":[{"embeddable":true,"href":"https:\/\/course.annafranques.com\/ca\/wp-json\/wp\/v2\/users\/1"}],"replies":[{"embeddable":true,"href":"https:\/\/course.annafranques.com\/ca\/wp-json\/wp\/v2\/comments?post=4366"}],"version-history":[{"count":55,"href":"https:\/\/course.annafranques.com\/ca\/wp-json\/wp\/v2\/pages\/4366\/revisions"}],"predecessor-version":[{"id":5118,"href":"https:\/\/course.annafranques.com\/ca\/wp-json\/wp\/v2\/pages\/4366\/revisions\/5118"}],"wp:attachment":[{"href":"https:\/\/course.annafranques.com\/ca\/wp-json\/wp\/v2\/media?parent=4366"}],"curies":[{"name":"wp","href":"https:\/\/api.w.org\/{rel}","templated":true}]}}