{"id":4191,"date":"2025-02-18T09:15:07","date_gmt":"2025-02-18T09:15:07","guid":{"rendered":"https:\/\/course.annafranques.com\/faqs\/"},"modified":"2025-10-20T13:54:12","modified_gmt":"2025-10-20T13:54:12","slug":"faqs","status":"publish","type":"page","link":"https:\/\/course.annafranques.com\/en\/faqs\/","title":{"rendered":"FAQs"},"content":{"rendered":"\t\t<div data-elementor-type=\"wp-page\" data-elementor-id=\"4191\" class=\"elementor elementor-4191 elementor-4009\" data-elementor-post-type=\"page\">\n\t\t\t\t<div class=\"elementor-element elementor-element-42668f4 e-con-full e-flex e-con e-parent\" data-id=\"42668f4\" data-element_type=\"container\">\n\t\t\t\t<div class=\"elementor-element elementor-element-98dc3fb e-n-tabs-mobile elementor-widget elementor-widget-n-tabs\" data-id=\"98dc3fb\" data-element_type=\"widget\" data-widget_type=\"nested-tabs.default\">\n\t\t\t\t<div class=\"elementor-widget-container\">\n\t\t\t\t\t\t\t<div class=\"e-n-tabs\" data-widget-number=\"160285691\" aria-label=\"Tabs. Open items with Enter or Space, close with Escape and navigate using the Arrow keys.\">\n\t\t\t<div class=\"e-n-tabs-heading\" role=\"tablist\">\n\t\t\t\t\t<button id=\"e-n-tab-title-1602856911\" class=\"e-n-tab-title\" aria-selected=\"true\" data-tab-index=\"1\" role=\"tab\" tabindex=\"0\" aria-controls=\"e-n-tab-content-1602856911\" style=\"--n-tabs-title-order: 1;\">\n\t\t\t\t\t\t<span class=\"e-n-tab-title-text\">\n\t\t\t\tGENERAL INFORMATION\t\t\t<\/span>\n\t\t<\/button>\n\t\t\t\t<button id=\"e-n-tab-title-1602856912\" class=\"e-n-tab-title\" aria-selected=\"false\" data-tab-index=\"2\" role=\"tab\" tabindex=\"-1\" aria-controls=\"e-n-tab-content-1602856912\" style=\"--n-tabs-title-order: 2;\">\n\t\t\t\t\t\t<span class=\"e-n-tab-title-text\">\n\t\t\t\tTICKETS\t\t\t<\/span>\n\t\t<\/button>\n\t\t\t\t<button id=\"e-n-tab-title-1602856913\" class=\"e-n-tab-title\" aria-selected=\"false\" data-tab-index=\"3\" role=\"tab\" tabindex=\"-1\" aria-controls=\"e-n-tab-content-1602856913\" style=\"--n-tabs-title-order: 3;\">\n\t\t\t\t\t\t<span class=\"e-n-tab-title-text\">\n\t\t\t\tSCHEDULES\t\t\t<\/span>\n\t\t<\/button>\n\t\t\t\t<button id=\"e-n-tab-title-1602856914\" class=\"e-n-tab-title\" aria-selected=\"false\" data-tab-index=\"4\" role=\"tab\" tabindex=\"-1\" aria-controls=\"e-n-tab-content-1602856914\" style=\"--n-tabs-title-order: 4;\">\n\t\t\t\t\t\t<span class=\"e-n-tab-title-text\">\n\t\t\t\tACCESS\t\t\t<\/span>\n\t\t<\/button>\n\t\t\t\t<button id=\"e-n-tab-title-1602856915\" class=\"e-n-tab-title\" aria-selected=\"false\" data-tab-index=\"5\" role=\"tab\" tabindex=\"-1\" aria-controls=\"e-n-tab-content-1602856915\" style=\"--n-tabs-title-order: 5;\">\n\t\t\t\t\t\t<span class=\"e-n-tab-title-text\">\n\t\t\t\tGASTRONOMIC OFFER\t\t\t<\/span>\n\t\t<\/button>\n\t\t\t\t<button id=\"e-n-tab-title-1602856916\" class=\"e-n-tab-title\" aria-selected=\"false\" data-tab-index=\"6\" role=\"tab\" tabindex=\"-1\" aria-controls=\"e-n-tab-content-1602856916\" style=\"--n-tabs-title-order: 6;\">\n\t\t\t\t\t\t<span class=\"e-n-tab-title-text\">\n\t\t\t\tPARTICIPATION\t\t\t<\/span>\n\t\t<\/button>\n\t\t\t\t\t<\/div>\n\t\t\t<div class=\"e-n-tabs-content\">\n\t\t\t\t<div id=\"e-n-tab-content-1602856911\" role=\"tabpanel\" aria-labelledby=\"e-n-tab-title-1602856911\" data-tab-index=\"1\" style=\"--n-tabs-title-order: 1;\" class=\"e-active elementor-element elementor-element-75bf705 e-con-full e-flex e-con e-child\" data-id=\"75bf705\" data-element_type=\"container\">\n\t\t\t\t<div class=\"elementor-element elementor-element-51ea40c elementor-widget elementor-widget-text-editor\" data-id=\"51ea40c\" data-element_type=\"widget\" data-widget_type=\"text-editor.default\">\n\t\t\t\t<div class=\"elementor-widget-container\">\n\t\t\t\t\t\t\t\t\t<p><strong><b>When and where is the Autumn edition of All Those Food Market?<\/b><\/strong><\/p>\n<p><span style=\"font-weight: 400;\">The Autumn edition of All Those Food Market will take place on November 1st and 2nd at Moll de la Fusta (Moll de Bosch i Alsina 1, 08039 Barcelona). We look forward to seeing you there!<\/span><\/p>\n<p><b>What is All Those Food Market? <\/b><\/p>\n<p><span style=\"font-weight: 400;\">All Those Food Market is a food festival that brings together a market of artisans and gastronomic entrepreneurs, a selection of some of the city&#8217;s most exciting restaurants offering street food, workshops for adults and families, and music. <\/span><\/p>\n<p><b>What are the festival opening hours?<\/b><b><br \/><\/b><span style=\"font-weight: 400;\">The opening hours are: Saturday from 11am to 10.30pm and Sunday from 11am to 8pm. <\/span><\/p>\n<p><b>How much does the ticket cost?<\/b><\/p>\n<p><span style=\"font-weight: 400;\">Early tickets will cost 5\u20ac and can be purchased in our website (<\/span><a href=\"https:\/\/tienda.allthose.org\/es\/edicion\/all-those-food-market-barcelona\"><span style=\"font-weight: 400;\">https:\/\/tienda.allthose.org\/<\/span><\/a><span style=\"font-weight: 400;\">). <\/span><span style=\"font-weight: 400;\">At the venue, tickets will cost 6\u20ac.<\/span> <span style=\"font-weight: 400;\">If you buy in advance, it&#8217;s cheaper, you guarantee entry, and you avoid the lines. We wait for you!<\/span><\/p>\n<p><b>Can I bring children to the event?<\/b><span style=\"font-weight: 400;\">  <\/span><\/p>\n<p>Yes, of course! <span style=\"font-weight: 400;\">Children under 12 years old can access the festival free of charge. <\/span><\/p>\n<p><b>Can I bring my dog?<\/b><span style=\"font-weight: 400;\">  <\/span><\/p>\n<p><span style=\"font-weight: 400;\">Dogs are welcome at the festival as long as they are on a leash.<\/span><\/p>\n<p><b>Why is this edition being held at Moll de la Fusta?<\/b><\/p>\n<p><span style=\"font-weight: 400;\">Moll de la Fusta is a great location due to its seaside setting and beautiful palm trees, allowing attendees to enjoy the All Those Food Market Spring edition in an open and accessible environment. Additionally, its spaciousness enables us to offer a better experience for all visitors, ensuring greater comfort and smoother flow throughout the event.  <\/span><\/p>\n<p><br style=\"font-weight: 400;\"><br style=\"font-weight: 400;\"><\/p>\n\t\t\t\t\t\t\t\t<\/div>\n\t\t\t\t<\/div>\n\t\t\t\t<\/div>\n\t\t<div id=\"e-n-tab-content-1602856912\" role=\"tabpanel\" aria-labelledby=\"e-n-tab-title-1602856912\" data-tab-index=\"2\" style=\"--n-tabs-title-order: 2;\" class=\" elementor-element elementor-element-d07fea7 e-con-full e-flex e-con e-child\" data-id=\"d07fea7\" data-element_type=\"container\">\n\t\t\t\t<div class=\"elementor-element elementor-element-de2dd3a elementor-widget elementor-widget-text-editor\" data-id=\"de2dd3a\" data-element_type=\"widget\" data-widget_type=\"text-editor.default\">\n\t\t\t\t<div class=\"elementor-widget-container\">\n\t\t\t\t\t\t\t\t\t<p><b>How much does the ticket cost?<\/b><\/p>\n<p><span style=\"font-weight: 400;\">Early tickets will cost 5\u20ac and can be purchased in our website (<\/span><a href=\"https:\/\/tienda.allthose.org\/es\/edicion\/all-those-food-market-barcelona\"><span style=\"font-weight: 400;\">https:\/\/tienda.allthose.org\/<\/span><\/a><span style=\"font-weight: 400;\">). <\/span><span style=\"font-weight: 400;\">At the venue, tickets will cost 6\u20ac.<\/span> <span style=\"font-weight: 400;\">If you buy in advance, it&#8217;s cheaper, you guarantee entry, and you avoid the lines. We wait for you!<\/span><\/p>\n<p><b>What benefits does the early bird ticket offer?<\/b><\/p>\n<p><span style=\"font-weight: 400;\">It guarantees your entry and saves you from possible queues.<\/span><\/p>\n<p><b>Can I pay for the ticket at the venue with card and cash?<\/b><\/p>\n<p><span style=\"font-weight: 400;\">Yes, you can pay for your ticket at the festival by credit card or cash.<\/span><\/p>\n<p><b>Apart from the ticket, do I need to pay for food and drinks once inside?<\/b><\/p>\n<p><span style=\"font-weight: 400;\">Yes. Entry to the venue costs \u20ac5 or \u20ac6, but food and drinks are paid for separately. <\/span><\/p>\n\t\t\t\t\t\t\t\t<\/div>\n\t\t\t\t<\/div>\n\t\t\t\t<\/div>\n\t\t<div id=\"e-n-tab-content-1602856913\" role=\"tabpanel\" aria-labelledby=\"e-n-tab-title-1602856913\" data-tab-index=\"3\" style=\"--n-tabs-title-order: 3;\" class=\" elementor-element elementor-element-f21e92a e-con-full e-flex e-con e-child\" data-id=\"f21e92a\" data-element_type=\"container\">\n\t\t\t\t<div class=\"elementor-element elementor-element-4aab0b2 elementor-widget elementor-widget-text-editor\" data-id=\"4aab0b2\" data-element_type=\"widget\" data-widget_type=\"text-editor.default\">\n\t\t\t\t<div class=\"elementor-widget-container\">\n\t\t\t\t\t\t\t\t\t<p><b>What are the festival opening hours?<\/b><\/p>\n<p><span style=\"font-weight: 400;\">The opening hours are: Saturday from 11am to 10.30pm and Sunday from 11am to 8pm. <\/span><\/p>\n\t\t\t\t\t\t\t\t<\/div>\n\t\t\t\t<\/div>\n\t\t\t\t<\/div>\n\t\t<div id=\"e-n-tab-content-1602856914\" role=\"tabpanel\" aria-labelledby=\"e-n-tab-title-1602856914\" data-tab-index=\"4\" style=\"--n-tabs-title-order: 4;\" class=\" elementor-element elementor-element-daa0bed e-con-full e-flex e-con e-child\" data-id=\"daa0bed\" data-element_type=\"container\">\n\t\t\t\t<div class=\"elementor-element elementor-element-23d5070 elementor-widget elementor-widget-text-editor\" data-id=\"23d5070\" data-element_type=\"widget\" data-widget_type=\"text-editor.default\">\n\t\t\t\t<div class=\"elementor-widget-container\">\n\t\t\t\t\t\t\t\t\t<p><strong>What is the exact address and where is the entrance?<\/strong><\/p>\n<p><span style=\"font-weight: 400;\">The exact adress is <a href=\"https:\/\/maps.app.goo.gl\/UfoZyTAJ6PnxLNfZ6\">Moll de Bosch i Alsina, 1<\/a>, Barcelona.<\/span><\/p>\n<p>The entrace will be at Colon Square side.<\/p>\n<p><b>How do I get to the festival? <\/b><span style=\"font-weight: 400;\">You can get there by the following means:<\/span><\/p>\n<p><span style=\"font-weight: 400;\"><strong>By underground<\/strong> &#8211; Drassanes (L3).<\/span><span style=\"font-weight: 400;\"><br \/><\/span><\/p>\n<p><span style=\"font-weight: 400;\"><strong>Bus: <\/strong>59, 120, D20, H14.<\/span><b><br \/><\/b><\/p>\n<p><strong>Bicing:<\/strong><\/p>\n<ul>\n<li data-start=\"307\" data-end=\"511\">Station 126 \u2013 Passeig Colom \u2013 Via Laietana<br data-start=\"354\" data-end=\"357\">Address: Passeig de Colom, 6 (Ciutat Vella district, G\u00f2tic neighborhood)<br data-start=\"425\" data-end=\"428\">Approximately 300 m, about a 4-minute walk northwest of El Moll de la Fusta.<\/li>\n<li data-start=\"513\" data-end=\"718\"><strong data-start=\"513\" data-end=\"560\">Station 037 \u2013 Passeig Colom \u2013 Via Laietana<\/strong><br data-start=\"560\" data-end=\"563\">Address: Passeig de Colom, 11 (Ciutat Vella district, G\u00f2tic neighborhood)<br data-start=\"632\" data-end=\"635\">Approximately 250 m, about a 3-minute walk northwest of El Moll de la Fusta.<\/li>\n<li data-start=\"720\" data-end=\"921\"><strong data-start=\"720\" data-end=\"766\">Station 410 \u2013 Passeig Colom (Les Rambles)<\/strong><br data-start=\"766\" data-end=\"769\">Address: Passeig de Colom, 21 (Ciutat Vella district, G\u00f2tic neighborhood)<br data-start=\"838\" data-end=\"841\">Approximately 300 m, about a 4-minute walk west of El Moll de la Fusta.<\/li>\n<li data-start=\"923\" data-end=\"1124\"><strong data-start=\"923\" data-end=\"969\">Station 361 \u2013 Passeig Colom (Les Rambles)<\/strong><br data-start=\"969\" data-end=\"972\">Address: Passeig de Colom, 23 (Ciutat Vella district, G\u00f2tic neighborhood)<br data-start=\"1041\" data-end=\"1044\">Approximately 350 m, about a 5-minute walk west of El Moll de la Fusta.<\/li>\n<\/ul>\n<p><strong><br \/>Parking:<\/strong> <span style=\"font-weight: 400;\">We recommend the BSM parking at Moll de la Fusta, located 3 minutes from All Those Food Market. The exact address is: Pg. de Colom, 1, Ciutat Vella, 08002 Barcelona.  <\/span><\/p>\n\t\t\t\t\t\t\t\t<\/div>\n\t\t\t\t<\/div>\n\t\t\t\t<\/div>\n\t\t<div id=\"e-n-tab-content-1602856915\" role=\"tabpanel\" aria-labelledby=\"e-n-tab-title-1602856915\" data-tab-index=\"5\" style=\"--n-tabs-title-order: 5;\" class=\" elementor-element elementor-element-229a6b3 e-con-full e-flex e-con e-child\" data-id=\"229a6b3\" data-element_type=\"container\">\n\t\t\t\t<div class=\"elementor-element elementor-element-2b9eb1b elementor-widget elementor-widget-text-editor\" data-id=\"2b9eb1b\" data-element_type=\"widget\" data-widget_type=\"text-editor.default\">\n\t\t\t\t<div class=\"elementor-widget-container\">\n\t\t\t\t\t\t\t\t\t<p><b>What restaurants can be found at this edition?<\/b><\/p>\n<p><span style=\"font-weight: 400;\">For this edition of All Those Food Market, we have put together an exceptional lineup of participating restaurants. <\/span><\/p>\n<p>The festival will feature the traveling cuisine of Mantis, the neo-traditional dishes of Bar Cany\u00ed, the Japanese sandwiches of Fry House, the authentic focaccias from Focacceria Balmesina, the knife-cut kebabs of Bien Kebab, and delicious fondues from Can Luc. <\/p>\n<p>There will also be Venezuelan cuisine from La Cachapera, the Indian offerings of Tandoor, the market-style dishes of Bar Pimentel, the juicy burgers of La Porca, and the delicious Peruvian creations of Warike. <\/p>\n<p>Also featured will be the wood-fired meats and vegetables from Asa, the burgers from Fat Barbies, the Italian paninis from Bodega Santo Porcello, and the Mexican cuisine of Pi\u00f1ata Cantina. <\/p>\n<p><strong><br \/>Will there be sweet options?<\/strong><\/p>\n<p>Of course! We will have a carefully curated selection of sweet projects, including the artisanal pastries of Morreig, the delicious cheesecakes from Chica, the cakes from Past\u00e9 BCN, the colorful a\u00e7a\u00ed bowls from Gaia&#8217;s Garden, the vegan sweets from Tonka, and the authentic Catalan creams from Sucre Cremat. Not to mention the ice creams from delaCrem.  <\/p>\n<p>All accompanied by specialty coffee from Nomad Coffee. <\/p>\n<p><strong> <\/strong><\/p>\n<p><strong>What artisan and food entrepreneur projects will I find at the market?<\/strong><\/p>\n<p>More than 50 projects take part in each edition. <\/p>\n<p>Some of those confirmed for the Autumn edition include the knives from Pallar\u00e8s Solsona, the sun-dried tomatoes from Encantaran, the<b style=\"background-color: rgba(0, 0, 0, 0);\"> <\/b>preserves made with imperfect fruits and vegetables from Es Im-perfect, the cured meats from La Gleva from the Plana de Vic, the spices<b style=\"background-color: rgba(0, 0, 0, 0);\"> <\/b><span style=\"background-color: rgba(0, 0, 0, 0);\">from<\/span><b style=\"background-color: rgba(0, 0, 0, 0);\"> Kondimenta<\/b><span style=\"background-color: rgba(0, 0, 0, 0);\">, the artisanal ceramics<\/span><b style=\"background-color: rgba(0, 0, 0, 0);\"> <\/b><span style=\"background-color: rgba(0, 0, 0, 0);\">from<\/span><b style=\"background-color: rgba(0, 0, 0, 0);\"> La Magrana<\/b><span style=\"background-color: rgba(0, 0, 0, 0);\"> or the watercolor-illustrated recipes by Gala Pont.<br \/><\/span><\/p>\n\t\t\t\t\t\t\t\t<\/div>\n\t\t\t\t<\/div>\n\t\t\t\t<\/div>\n\t\t<div id=\"e-n-tab-content-1602856916\" role=\"tabpanel\" aria-labelledby=\"e-n-tab-title-1602856916\" data-tab-index=\"6\" style=\"--n-tabs-title-order: 6;\" class=\" elementor-element elementor-element-2631b6f e-con-full e-flex e-con e-child\" data-id=\"2631b6f\" data-element_type=\"container\">\n\t\t\t\t<div class=\"elementor-element elementor-element-e1cf070 elementor-widget elementor-widget-text-editor\" data-id=\"e1cf070\" data-element_type=\"widget\" data-widget_type=\"text-editor.default\">\n\t\t\t\t<div class=\"elementor-widget-container\">\n\t\t\t\t\t\t\t\t\t<p><b>I have a gastronomic project \/ I\u2019m a DJ \/ I\u2019m a ceramicist \/ \u2026 how can I participate in one of the All Those events?<\/b><\/p>\n<p><b><\/b><span style=\"font-weight: 400;\">Thank you for your interest! You can write an email to  <\/span><span style=\"text-decoration: underline;\"><a href=\"mailto:hello@allthose.org\"><span style=\"font-weight: 400;\">hello@allthose.org<\/span><\/a><\/span><span style=\"font-weight: 400;\"> telling us more about your project and as soon as the festival is over we will send you information.<\/span><\/p>\n\t\t\t\t\t\t\t\t<\/div>\n\t\t\t\t<\/div>\n\t\t\t\t<\/div>\n\t\t\t\t\t<\/div>\n\t\t<\/div>\n\t\t\t\t\t\t<\/div>\n\t\t\t\t<\/div>\n\t\t\t\t<\/div>\n\t\t\t\t<\/div>\n\t\t","protected":false},"excerpt":{"rendered":"<p>GENERAL INFORMATION TICKETS SCHEDULES ACCESS GASTRONOMIC OFFER PARTICIPATION When and where is the Autumn edition of All Those Food Market? The Autumn edition of All Those Food Market will take place on November 1st and 2nd at Moll de la Fusta (Moll de Bosch i Alsina 1, 08039 Barcelona). We look forward to seeing you [&hellip;]<\/p>\n","protected":false},"author":1,"featured_media":0,"parent":0,"menu_order":0,"comment_status":"closed","ping_status":"closed","template":"elementor_header_footer","meta":{"footnotes":""},"class_list":["post-4191","page","type-page","status-publish","hentry"],"acf":[],"yoast_head":"<!-- This site is optimized with the Yoast SEO Premium plugin v20.8 (Yoast SEO v24.1) - https:\/\/yoast.com\/wordpress\/plugins\/seo\/ -->\n<title>FAQs - All Those Market<\/title>\n<meta name=\"robots\" content=\"index, follow, max-snippet:-1, max-image-preview:large, max-video-preview:-1\" \/>\n<link rel=\"canonical\" href=\"https:\/\/course.annafranques.com\/en\/faqs\/\" \/>\n<meta property=\"og:locale\" content=\"en_US\" \/>\n<meta property=\"og:type\" content=\"article\" \/>\n<meta property=\"og:title\" content=\"FAQs\" \/>\n<meta property=\"og:description\" content=\"GENERAL INFORMATION TICKETS SCHEDULES ACCESS GASTRONOMIC OFFER PARTICIPATION When and where is the Autumn edition of All Those Food Market? The Autumn edition of All Those Food Market will take place on November 1st and 2nd at Moll de la Fusta (Moll de Bosch i Alsina 1, 08039 Barcelona). We look forward to seeing you [&hellip;]\" \/>\n<meta property=\"og:url\" content=\"https:\/\/course.annafranques.com\/en\/faqs\/\" \/>\n<meta property=\"og:site_name\" content=\"All Those Market\" \/>\n<meta property=\"article:modified_time\" content=\"2025-10-20T13:54:12+00:00\" \/>\n<meta name=\"twitter:card\" content=\"summary_large_image\" \/>\n<meta name=\"twitter:label1\" content=\"Est. reading time\" \/>\n\t<meta name=\"twitter:data1\" content=\"7 minutes\" \/>\n<script type=\"application\/ld+json\" class=\"yoast-schema-graph\">{\"@context\":\"https:\/\/schema.org\",\"@graph\":[{\"@type\":\"WebPage\",\"@id\":\"https:\/\/course.annafranques.com\/en\/faqs\/\",\"url\":\"https:\/\/course.annafranques.com\/en\/faqs\/\",\"name\":\"FAQs - All Those Market\",\"isPartOf\":{\"@id\":\"https:\/\/course.annafranques.com\/#website\"},\"datePublished\":\"2025-02-18T09:15:07+00:00\",\"dateModified\":\"2025-10-20T13:54:12+00:00\",\"breadcrumb\":{\"@id\":\"https:\/\/course.annafranques.com\/en\/faqs\/#breadcrumb\"},\"inLanguage\":\"en-US\",\"potentialAction\":[{\"@type\":\"ReadAction\",\"target\":[\"https:\/\/course.annafranques.com\/en\/faqs\/\"]}]},{\"@type\":\"BreadcrumbList\",\"@id\":\"https:\/\/course.annafranques.com\/en\/faqs\/#breadcrumb\",\"itemListElement\":[{\"@type\":\"ListItem\",\"position\":1,\"name\":\"Home\",\"item\":\"https:\/\/course.annafranques.com\/en\/home\/\"},{\"@type\":\"ListItem\",\"position\":2,\"name\":\"FAQs\"}]},{\"@type\":\"WebSite\",\"@id\":\"https:\/\/course.annafranques.com\/#website\",\"url\":\"https:\/\/course.annafranques.com\/\",\"name\":\"All Those Market\",\"description\":\"\",\"potentialAction\":[{\"@type\":\"SearchAction\",\"target\":{\"@type\":\"EntryPoint\",\"urlTemplate\":\"https:\/\/course.annafranques.com\/?s={search_term_string}\"},\"query-input\":{\"@type\":\"PropertyValueSpecification\",\"valueRequired\":true,\"valueName\":\"search_term_string\"}}],\"inLanguage\":\"en-US\"}]}<\/script>\n<!-- \/ Yoast SEO Premium plugin. -->","yoast_head_json":{"title":"FAQs - All Those Market","robots":{"index":"index","follow":"follow","max-snippet":"max-snippet:-1","max-image-preview":"max-image-preview:large","max-video-preview":"max-video-preview:-1"},"canonical":"https:\/\/course.annafranques.com\/en\/faqs\/","og_locale":"en_US","og_type":"article","og_title":"FAQs","og_description":"GENERAL INFORMATION TICKETS SCHEDULES ACCESS GASTRONOMIC OFFER PARTICIPATION When and where is the Autumn edition of All Those Food Market? The Autumn edition of All Those Food Market will take place on November 1st and 2nd at Moll de la Fusta (Moll de Bosch i Alsina 1, 08039 Barcelona). We look forward to seeing you [&hellip;]","og_url":"https:\/\/course.annafranques.com\/en\/faqs\/","og_site_name":"All Those Market","article_modified_time":"2025-10-20T13:54:12+00:00","twitter_card":"summary_large_image","twitter_misc":{"Est. reading time":"7 minutes"},"schema":{"@context":"https:\/\/schema.org","@graph":[{"@type":"WebPage","@id":"https:\/\/course.annafranques.com\/en\/faqs\/","url":"https:\/\/course.annafranques.com\/en\/faqs\/","name":"FAQs - All Those Market","isPartOf":{"@id":"https:\/\/course.annafranques.com\/#website"},"datePublished":"2025-02-18T09:15:07+00:00","dateModified":"2025-10-20T13:54:12+00:00","breadcrumb":{"@id":"https:\/\/course.annafranques.com\/en\/faqs\/#breadcrumb"},"inLanguage":"en-US","potentialAction":[{"@type":"ReadAction","target":["https:\/\/course.annafranques.com\/en\/faqs\/"]}]},{"@type":"BreadcrumbList","@id":"https:\/\/course.annafranques.com\/en\/faqs\/#breadcrumb","itemListElement":[{"@type":"ListItem","position":1,"name":"Home","item":"https:\/\/course.annafranques.com\/en\/home\/"},{"@type":"ListItem","position":2,"name":"FAQs"}]},{"@type":"WebSite","@id":"https:\/\/course.annafranques.com\/#website","url":"https:\/\/course.annafranques.com\/","name":"All Those Market","description":"","potentialAction":[{"@type":"SearchAction","target":{"@type":"EntryPoint","urlTemplate":"https:\/\/course.annafranques.com\/?s={search_term_string}"},"query-input":{"@type":"PropertyValueSpecification","valueRequired":true,"valueName":"search_term_string"}}],"inLanguage":"en-US"}]}},"_links":{"self":[{"href":"https:\/\/course.annafranques.com\/en\/wp-json\/wp\/v2\/pages\/4191","targetHints":{"allow":["GET"]}}],"collection":[{"href":"https:\/\/course.annafranques.com\/en\/wp-json\/wp\/v2\/pages"}],"about":[{"href":"https:\/\/course.annafranques.com\/en\/wp-json\/wp\/v2\/types\/page"}],"author":[{"embeddable":true,"href":"https:\/\/course.annafranques.com\/en\/wp-json\/wp\/v2\/users\/1"}],"replies":[{"embeddable":true,"href":"https:\/\/course.annafranques.com\/en\/wp-json\/wp\/v2\/comments?post=4191"}],"version-history":[{"count":22,"href":"https:\/\/course.annafranques.com\/en\/wp-json\/wp\/v2\/pages\/4191\/revisions"}],"predecessor-version":[{"id":5119,"href":"https:\/\/course.annafranques.com\/en\/wp-json\/wp\/v2\/pages\/4191\/revisions\/5119"}],"wp:attachment":[{"href":"https:\/\/course.annafranques.com\/en\/wp-json\/wp\/v2\/media?parent=4191"}],"curies":[{"name":"wp","href":"https:\/\/api.w.org\/{rel}","templated":true}]}}